{"id":4349,"date":"2019-04-23T09:24:18","date_gmt":"2019-04-23T09:24:18","guid":{"rendered":"http:\/\/pavlova.ee\/?page_id=4349"},"modified":"2022-11-28T10:53:45","modified_gmt":"2022-11-28T10:53:45","slug":"avaleht","status":"publish","type":"page","link":"https:\/\/pavlova.ee\/et\/","title":{"rendered":"Avaleht"},"content":{"rendered":"<section class=\"wpb-content-wrapper\"><p>[vc_row css=&#8221;.vc_custom_1558101053766{margin-top: 150px !important;}&#8221;][vc_column][rev_slider_vc alias=&#8221;cake-store&#8221; enable_paspartu=&#8221;no&#8221;][\/vc_column][\/vc_row][vc_row row_content_width=&#8221;grid&#8221; disable_background_image=&#8221;&#8221; css=&#8221;.vc_custom_1557908121420{padding-top: 146px !important;padding-bottom: 50px !important;}&#8221; simple_background_image=&#8221;3333&#8243;][vc_column css_animation=&#8221;none&#8221;]<div class=\"mkdf-elements-holder   mkdf-one-column  mkdf-responsive-mode-768 \" ><div class=\"mkdf-eh-item    \"  data-item-class=\"mkdf-eh-custom-4373\" data-1025-1366=\"0 12%\" data-769-1024=\"0 0\" data-681-768=\"0 0\" data-680=\"0 0\">\n\t<div class=\"mkdf-eh-item-inner\">\n\t\t<div class=\"mkdf-eh-item-content mkdf-eh-custom-4373\" style=\"padding: 0 20%\">\n\t\t\t<div class=\"mkdf-section-title-holder  mkdf-st-standard mkdf-st-title-left mkdf-st-normal-space \" style=\"text-align: center\">\n\t<div class=\"mkdf-st-inner\">\n                    <p class=\"mkdf-st-intro-text\"  > Tere tulemast kohvikusse <\/p>\n        \t\t\t\t\t<h2 class=\"mkdf-st-title\" >\n\t\t\t\tPavlova\t\t\t<\/h2>\n\t\t                    <div class=\"mkdf-separator-holder clearfix  mkdf-separator-center mkdf-separator-advanced-center mkdf-separator-advanced\">\n\t<div class=\"mkdf-separator\" >\n                    <div class=\"mkdf-adv-sep-inner\">\n                <div class=\"mkdf-adv-sep-line\"  ><\/div>\n                <div class=\"mkdf-adv-sep-dot\"  ><\/div>\n            <\/div>\n            <\/div>\n<\/div>\n        \t\t\t\t\t<h6 class=\"mkdf-st-text\" >\n\t\t\t\tMeie oleme ainus kohvik maailmas, mis spetsialiseerub ainult Pavlova valmistamisele. Pakume seda magustoitu umbes k\u00fcmnes variandis: k\u00f5ik on tehtud klassikalise retsepti j\u00e4rgi: alt on seest pehme ja kr\u00f5psuva koorikuga besee, peal aga vahukoor ja mahlased marjad.\t\t\t<\/h6>\n\t\t\t<\/div>\n<\/div>\t\t<\/div>\n\t<\/div>\n<\/div><\/div>[vc_empty_space height=&#8221;20px&#8221;][vc_single_image image=&#8221;4052&#8243; img_size=&#8221;full&#8221; alignment=&#8221;center&#8221;][\/vc_column][\/vc_row][vc_row parallax=&#8221;content-moving&#8221; parallax_speed_bg=&#8221;3&#8243; content_text_aligment=&#8221;center&#8221; parallax_background_image=&#8221;3690&#8243; css=&#8221;.vc_custom_1550740552308{padding-top: 156px !important;padding-bottom: 165px !important;}&#8221; parallax_bg_speed=&#8221;2&#8243;][vc_column css_animation=&#8221;none&#8221;]<div class=\"mkdf-elements-holder   mkdf-one-column  mkdf-responsive-mode-768 \" ><div class=\"mkdf-eh-item    \"  data-item-class=\"mkdf-eh-custom-6710\" data-1025-1366=\"0 4%\" data-769-1024=\"0 0\" data-681-768=\"0 0\" data-680=\"0 0\">\n\t<div class=\"mkdf-eh-item-inner\">\n\t\t<div class=\"mkdf-eh-item-content mkdf-eh-custom-6710\" style=\"padding: 0 10%\">\n\t\t\t<div class=\"mkdf-section-title-holder  mkdf-st-standard mkdf-st-title-left mkdf-st-normal-space \" style=\"text-align: center\">\n\t<div class=\"mkdf-st-inner\">\n                    <p class=\"mkdf-st-intro-text\"  > Kui taevas pole Pavlovat, ma ei l\u00e4he! <\/p>\n        \t\t                    <div class=\"mkdf-separator-holder clearfix  mkdf-separator-center mkdf-separator-advanced-center mkdf-separator-advanced\">\n\t<div class=\"mkdf-separator\" >\n                    <div class=\"mkdf-adv-sep-inner\">\n                <div class=\"mkdf-adv-sep-line\"  ><\/div>\n                <div class=\"mkdf-adv-sep-dot\"  ><\/div>\n            <\/div>\n            <\/div>\n<\/div>\n        \t\t\t<\/div>\n<\/div><a itemprop=\"url\" href=\"\/et\/fransiis\/\" target=\"_self\"  class=\"mkdf-btn mkdf-btn-medium mkdf-btn-outline mkdf-btn-with-additional-outline\"  >\n    <span class=\"mkdf-btn-text\">Fransiis<\/span>\n    <\/a>\t\t<\/div>\n\t<\/div>\n<\/div><\/div>[\/vc_column][\/vc_row][vc_row row_content_width=&#8221;grid&#8221; css=&#8221;.vc_custom_1557908183988{margin-top: 80px !important;}&#8221;][vc_column width=&#8221;1\/6&#8243;][\/vc_column][vc_column width=&#8221;2\/3&#8243;]<div class=\"mkdf-section-title-holder  mkdf-st-standard mkdf-st-title-left mkdf-st-normal-space \" style=\"text-align: center\">\n\t<div class=\"mkdf-st-inner\">\n                    <p class=\"mkdf-st-intro-text\"  > Meie lemmikust <\/p>\n        \t\t\t\t\t<h2 class=\"mkdf-st-title\" >\n\t\t\t\tPavlovast\t\t\t<\/h2>\n\t\t                    <div class=\"mkdf-separator-holder clearfix  mkdf-separator-center mkdf-separator-advanced-center mkdf-separator-advanced\">\n\t<div class=\"mkdf-separator\" >\n                    <div class=\"mkdf-adv-sep-inner\">\n                <div class=\"mkdf-adv-sep-line\"  ><\/div>\n                <div class=\"mkdf-adv-sep-dot\"  ><\/div>\n            <\/div>\n            <\/div>\n<\/div>\n        \t\t\t<\/div>\n<\/div>[vc_row_inner][vc_column_inner width=&#8221;1\/2&#8243;][vc_column_text]Meie teame, et teie teate. Kuigi m\u00f5nedel perekonnanimi Pavlova seostub ennek\u00f5ike kuulsa koeraga, kellega \u00fcks professor tegi igasuguseid katseid\u2026<\/p>\n<p>N\u00fc\u00fcd aga t\u00e4helepanu: \u00f5hulise pehme suflee pilv baleriini kihilist seelikut meenutavas elegantses ja kr\u00f5psuvas besees&#8230; Peal on \u00f5hkkerge vahukoor, millesse upuvad hubaselt aromaatsed maasika-, vaarika- ja mustikamarjad&#8230; Aga veel granaat\u00f5un ja granadill\u2026<\/p>\n<p>Kas teil juba l\u00f5i v\u00e4lja refleks?<\/p>\n<p><em><strong>Meil l\u00f6\u00f6b alati!<\/strong><\/em>[\/vc_column_text][\/vc_column_inner][vc_column_inner width=&#8221;1\/2&#8243;][vc_column_text]N\u00fc\u00fcd aga t\u00f5siselt: Pavlova koogi tekkimisest on kirjutatud v\u00e4ga palju.\u00a0 Ausalt \u00f6eldes, iga restoran, mis on kasv\u00f5i kordki Pavlovat valmistanud, saab r\u00e4\u00e4kida oma lemmikloo. Nii v\u00f5i teisiti, \u00fcks on kindel: jumalik kook sai nimeks Venemaa kuulsa balletitantsija auks, kes esines 1926. aastal ringreisil Austraalias ja Uus-Meremaal. 1997. aastal kirjutas professor <strong><a href=\"https:\/\/en.wikipedia.org\/wiki\/Helen_Leach\">Leach.Helen M.<\/a><\/strong> sellest keerulisest ja detektiivih\u00f5ngulisest loost terve raamatu. &#8220;The pavlova cake: the evolution of a national dish&#8221;. Vikipeedia kodulehel on selle kohta pikk <strong><a href=\"https:\/\/en.wikipedia.org\/wiki\/Pavlova_(cake)\">artikkel<\/a>.<\/strong> \u00c4rge h\u00e4benege, vajutage lingile ja lugege)[\/vc_column_text][\/vc_column_inner][\/vc_row_inner][vc_empty_space height=&#8221;50&#8243;][\/vc_column][vc_column width=&#8221;1\/6&#8243;][\/vc_column][\/vc_row][vc_row row_content_width=&#8221;grid&#8221; content_text_aligment=&#8221;center&#8221;][vc_column]<a itemprop=\"url\" href=\"\/et\/pavlova-desserdist\/\" target=\"_self\"  class=\"mkdf-btn mkdf-btn-medium mkdf-btn-outline mkdf-btn-with-additional-outline\"  >\n    <span class=\"mkdf-btn-text\">Loe l\u00e4hemalt<\/span>\n    <\/a>[vc_empty_space height=&#8221;80&#8243;][\/vc_column][\/vc_row][vc_row row_content_width=&#8221;grid&#8221; disable_background_image=&#8221;&#8221; content_text_aligment=&#8221;center&#8221; css=&#8221;.vc_custom_1550740304583{padding-top: 145px !important;padding-bottom: 154px !important;}&#8221; simple_background_image=&#8221;3010&#8243; parallax_background_image=&#8221;3677&#8243; parallax_bg_speed=&#8221;2&#8243;][vc_column css_animation=&#8221;none&#8221; offset=&#8221;vc_col-lg-offset-2 vc_col-lg-8&#8243;]<div class=\"mkdf-section-title-holder  mkdf-st-standard mkdf-st-title-left mkdf-st-normal-space \" >\n\t<div class=\"mkdf-st-inner\">\n                    <p class=\"mkdf-st-intro-text\"  > teie arvamused <\/p>\n        \t\t\t\t\t<h2 class=\"mkdf-st-title\" >\n\t\t\t\ttulemused\t\t\t<\/h2>\n\t\t                    <div class=\"mkdf-separator-holder clearfix  mkdf-separator-center mkdf-separator-advanced-center mkdf-separator-advanced\">\n\t<div class=\"mkdf-separator\" >\n                    <div class=\"mkdf-adv-sep-inner\">\n                <div class=\"mkdf-adv-sep-line\"  ><\/div>\n                <div class=\"mkdf-adv-sep-dot\"  ><\/div>\n            <\/div>\n            <\/div>\n<\/div>\n        \t\t\t<\/div>\n<\/div><div class=\"mkdf-testimonials-holder clearfix mkdf-testimonials-standard \">\n\n    \n    <div class=\"mkdf-testimonials mkdf-owl-slider\" data-number-of-items=\"1\" data-enable-loop=\"yes\" data-enable-autoplay=\"yes\" data-slider-speed=\"5000\" data-slider-speed-animation=\"600\" data-enable-navigation=\"no\" data-enable-pagination=\"yes\" >\n\n    \n            <div class=\"mkdf-testimonial-content\" id=\"mkdf-testimonials-4407\">\n                <div class=\"mkdf-testimonial-text-holder\">\n                                                                <h6 class=\"mkdf-testimonial-text\">Oleme perega otsinud juba aastaid kohvikut, kust saab osta magusaid kooke, mida maiustaks kasv\u00f5i iga p\u00e4ev. N\u00fc\u00fcd on see leitud! Ekleerid viivad lihtsalt keele alla! \ud83d\ude0d kogu koogivalik on lihtsalt omeline! Ait\u00e4h teile! J\u00f5udu ja jaksu!<\/h6>\n                                                                <h5 class=\"mkdf-testimonial-author\">\n                            <span class=\"mkdf-testimonials-author-name\">Sigrid Sillaots<\/span>\n                        <\/h5>\n                        <div class=\"mkdf-testimonials-author-job-holder\">\n                                                    <\/div>\n                                    <\/div>\n                            <\/div>\n\n    \n            <div class=\"mkdf-testimonial-content\" id=\"mkdf-testimonials-4405\">\n                <div class=\"mkdf-testimonial-text-holder\">\n                                                                <h6 class=\"mkdf-testimonial-text\">Super head suussulavad Pavlovad! Armas perenaine ja m\u00f5nus \u00f5hkkond. Kindlasti soovitan<\/h6>\n                                                                <h5 class=\"mkdf-testimonial-author\">\n                            <span class=\"mkdf-testimonials-author-name\">Evelin Beyer<\/span>\n                        <\/h5>\n                        <div class=\"mkdf-testimonials-author-job-holder\">\n                                                    <\/div>\n                                    <\/div>\n                            <\/div>\n\n    \n            <div class=\"mkdf-testimonial-content\" id=\"mkdf-testimonials-4403\">\n                <div class=\"mkdf-testimonial-text-holder\">\n                                                                <h6 class=\"mkdf-testimonial-text\">Mulle meeldib, et koogid paistavad visuaalselt v\u00e4ga ahvatlevad ja on seda ka maitselt. Tundub, et asja tehakse hinge ja armastusega, mida just sageli enam v\u00e4ga tihti ei kohta. Igati on tunda omaala proffide k\u00e4tt. J\u00e4rgmiste kohtumisteni \ud83d\ude42<\/h6>\n                                                                <h5 class=\"mkdf-testimonial-author\">\n                            <span class=\"mkdf-testimonials-author-name\">Kirsika Luha<\/span>\n                        <\/h5>\n                        <div class=\"mkdf-testimonials-author-job-holder\">\n                                                    <\/div>\n                                    <\/div>\n                            <\/div>\n\n    \n    <\/div>\n<\/div>[\/vc_column][\/vc_row]<\/p>\n<\/section>","protected":false},"excerpt":{"rendered":"<p>[vc_row css=&#8221;.vc_custom_1558101053766{margin-top: 150px !important;}&#8221;][vc_column][rev_slider_vc alias=&#8221;cake-store&#8221; enable_paspartu=&#8221;no&#8221;][\/vc_column][\/vc_row][vc_row row_content_width=&#8221;grid&#8221; disable_background_image=&#8221;&#8221; css=&#8221;.vc_custom_1557908121420{padding-top: 146px !important;padding-bottom: 50px !important;}&#8221; simple_background_image=&#8221;3333&#8243;][vc_column css_animation=&#8221;none&#8221;][vc_empty_space height=&#8221;20px&#8221;][vc_single_image image=&#8221;4052&#8243; img_size=&#8221;full&#8221; alignment=&#8221;center&#8221;][\/vc_column][\/vc_row][vc_row parallax=&#8221;content-moving&#8221; parallax_speed_bg=&#8221;3&#8243; content_text_aligment=&#8221;center&#8221; parallax_background_image=&#8221;3690&#8243; css=&#8221;.vc_custom_1550740552308{padding-top: 156px !important;padding-bottom: 165px !important;}&#8221; parallax_bg_speed=&#8221;2&#8243;][vc_column css_animation=&#8221;none&#8221;][\/vc_column][\/vc_row][vc_row row_content_width=&#8221;grid&#8221; css=&#8221;.vc_custom_1557908183988{margin-top: 80px !important;}&#8221;][vc_column width=&#8221;1\/6&#8243;][\/vc_column][vc_column width=&#8221;2\/3&#8243;][vc_row_inner][vc_column_inner width=&#8221;1\/2&#8243;][vc_column_text]Meie teame, et teie teate. Kuigi m\u00f5nedel perekonnanimi Pavlova seostub ennek\u00f5ike kuulsa koeraga, kellega [&hellip;]<\/p>\n","protected":false},"author":1,"featured_media":0,"parent":0,"menu_order":0,"comment_status":"closed","ping_status":"closed","template":"full-width.php","meta":{"inline_featured_image":false,"footnotes":""},"_links":{"self":[{"href":"https:\/\/pavlova.ee\/et\/wp-json\/wp\/v2\/pages\/4349"}],"collection":[{"href":"https:\/\/pavlova.ee\/et\/wp-json\/wp\/v2\/pages"}],"about":[{"href":"https:\/\/pavlova.ee\/et\/wp-json\/wp\/v2\/types\/page"}],"author":[{"embeddable":true,"href":"https:\/\/pavlova.ee\/et\/wp-json\/wp\/v2\/users\/1"}],"replies":[{"embeddable":true,"href":"https:\/\/pavlova.ee\/et\/wp-json\/wp\/v2\/comments?post=4349"}],"version-history":[{"count":0,"href":"https:\/\/pavlova.ee\/et\/wp-json\/wp\/v2\/pages\/4349\/revisions"}],"wp:attachment":[{"href":"https:\/\/pavlova.ee\/et\/wp-json\/wp\/v2\/media?parent=4349"}],"curies":[{"name":"wp","href":"https:\/\/api.w.org\/{rel}","templated":true}]}}