{"id":4358,"date":"2019-05-07T14:46:27","date_gmt":"2019-05-07T14:46:27","guid":{"rendered":"http:\/\/pavlova.ee\/?page_id=4358"},"modified":"2019-05-15T09:00:40","modified_gmt":"2019-05-15T09:00:40","slug":"meist","status":"publish","type":"page","link":"https:\/\/pavlova.ee\/et\/meist\/","title":{"rendered":"Meist"},"content":{"rendered":"<section class=\"wpb-content-wrapper\"><p>[vc_row][vc_column][vc_empty_space height=&#8221;50&#8243;][\/vc_column][\/vc_row][vc_row row_content_width=&#8221;grid&#8221; simple_background_color=&#8221;#fbf6f3&#8243;][vc_column width=&#8221;1\/2&#8243; offset=&#8221;vc_col-lg-5&#8243;]<div class=\"mkdf-elements-holder   mkdf-one-column  mkdf-responsive-mode-768 \" ><div class=\"mkdf-eh-item    \"  data-item-class=\"mkdf-eh-custom-3909\" data-1025-1366=\"78px 0 39px\">\n\t<div class=\"mkdf-eh-item-inner\">\n\t\t<div class=\"mkdf-eh-item-content mkdf-eh-custom-3909\" style=\"padding: 98px 0 59px\">\n\t\t\t[vc_column_text]<\/p>\n<h3>Kuidas k\u00f5ik alguse sai<\/h3>\n<p>[\/vc_column_text][vc_empty_space height=&#8221;22px&#8221;]<div class=\"mkdf-separator-holder clearfix  mkdf-separator-left mkdf-separator-advanced-left mkdf-separator-advanced\">\n\t<div class=\"mkdf-separator\" >\n                    <div class=\"mkdf-adv-sep-inner\">\n                <div class=\"mkdf-adv-sep-line\"  ><\/div>\n                <div class=\"mkdf-adv-sep-dot\"  ><\/div>\n            <\/div>\n            <\/div>\n<\/div>\n[vc_column_text css=&#8221;.vc_custom_1555416154668{margin-top: -9px !important;}&#8221;]Te ju saate aru, et m\u00f5nede \u00e4rikoolitajate s\u00f5nad tihtipeale ei t\u00f6\u00f6ta?<\/p>\n<p>&#8220;Ma suudan k\u00f5ike! Ma saan hakkama! Ma saavutan eesm\u00e4rgi!&#8221;<\/p>\n<p>Meil oli k\u00f5ik teisiti.<\/p>\n<p>Meie suur ettev\u00f5tmine algas s\u00f5nadest: &#8220;Kurat sellega, teeme proovi&#8230;&#8221;<\/p>\n<p>[\/vc_column_text][vc_empty_space height=&#8221;20px&#8221;]\t\t<\/div>\n\t<\/div>\n<\/div><\/div>[\/vc_column][\/vc_row][vc_row row_content_width=&#8221;grid&#8221;][vc_column offset=&#8221;vc_col-lg-offset-6 vc_col-lg-6&#8243; css=&#8221;.vc_custom_1540546202158{margin-top: -546px !important;}&#8221;]<div class=\"mkdf-elements-holder   mkdf-one-column  mkdf-responsive-mode-768 \" ><div class=\"mkdf-eh-item    \"  data-item-class=\"mkdf-eh-custom-5588\" data-1025-1366=\"56px 0 0 0\" data-769-1024=\"65% 11% 0\" data-681-768=\"85% 0 0\" data-680=\"170% 0 0\">\n\t<div class=\"mkdf-eh-item-inner\">\n\t\t<div class=\"mkdf-eh-item-content mkdf-eh-custom-5588\" style=\"padding: 0 0 0 25px\">\n\t\t\t[vc_single_image image=&#8221;3855&#8243; img_size=&#8221;full&#8221;]\t\t<\/div>\n\t<\/div>\n<\/div><\/div>[\/vc_column][\/vc_row][vc_row row_content_width=&#8221;grid&#8221; css=&#8221;.vc_custom_1540542175410{padding-top: 146px !important;}&#8221;][vc_column width=&#8221;1\/6&#8243;][\/vc_column][vc_column width=&#8221;2\/3&#8243;]<div class=\"mkdf-section-title-holder  mkdf-st-standard mkdf-st-title-left mkdf-st-normal-space \" style=\"text-align: center\">\n\t<div class=\"mkdf-st-inner\">\n                    <p class=\"mkdf-st-intro-text\"  > me segasime \u00e4ra <\/p>\n        \t\t\t\t\t<h2 class=\"mkdf-st-title\" >\n\t\t\t\tprooviks\t\t\t<\/h2>\n\t\t                    <div class=\"mkdf-separator-holder clearfix  mkdf-separator-center mkdf-separator-advanced-center mkdf-separator-advanced\">\n\t<div class=\"mkdf-separator\" >\n                    <div class=\"mkdf-adv-sep-inner\">\n                <div class=\"mkdf-adv-sep-line\"  ><\/div>\n                <div class=\"mkdf-adv-sep-dot\"  ><\/div>\n            <\/div>\n            <\/div>\n<\/div>\n        \t\t\t<\/div>\n<\/div>[vc_row_inner][vc_column_inner width=&#8221;1\/2&#8243;][vc_column_text]<\/p>\n<ul>\n<li>Olga Danilova, 44 aastat.<\/li>\n<li>Sne\u017eanna H\u00e4rma, 42 aastat.<\/li>\n<li>15 aastat kondiitri- ja pagaristaa\u017ei kahe peale.<\/li>\n<li>40 aastat IT meditsiinilist kogemust kahe peale.<\/li>\n<li>Optimismi + pessimismi.<\/li>\n<li>Avant\u00fcrismi + kindla \u00e4riplaani.<\/li>\n<li>Professionaalsete kondiitrite meeskonna.<\/li>\n<\/ul>\n<p>[\/vc_column_text][\/vc_column_inner][vc_column_inner width=&#8221;1\/2&#8243;][vc_column_text]<\/p>\n<ul>\n<li>Natuke raha.<\/li>\n<li>Uskumatu armastuse Pavlova koogi vastu.<\/li>\n<\/ul>\n<p>Vahtu l\u00fc\u00fca ei olnud vaja. Seisis paar kuud ja ise saavutas \u00f5ige vormi. V\u00f5tsime julguse kokku \u2013 avasime esimese kohviku.<\/p>\n<p>N\u00fc\u00fcd on meil 9 inimest meeskonnas, sadu \u00f5hulisi desserte ja miljon tulevikuplaani.[\/vc_column_text][\/vc_column_inner][\/vc_row_inner][vc_empty_space height=&#8221;100&#8243;][\/vc_column][vc_column width=&#8221;1\/6&#8243;][\/vc_column][\/vc_row][vc_row][vc_column css_animation=&#8221;none&#8221;]<div class=\"mkdf-section-title-holder  mkdf-st-standard mkdf-st-title-left mkdf-st-normal-space \" style=\"text-align: center\">\n\t<div class=\"mkdf-st-inner\">\n        \t\t\t\t\t<h2 class=\"mkdf-st-title\" >\n\t\t\t\tMEESKOND\t\t\t<\/h2>\n\t\t                    <div class=\"mkdf-separator-holder clearfix  mkdf-separator-center mkdf-separator-advanced-center mkdf-separator-advanced\">\n\t<div class=\"mkdf-separator\" >\n                    <div class=\"mkdf-adv-sep-inner\">\n                <div class=\"mkdf-adv-sep-line\"  ><\/div>\n                <div class=\"mkdf-adv-sep-dot\"  ><\/div>\n            <\/div>\n            <\/div>\n<\/div>\n        \t\t\t<\/div>\n<\/div><div class=\"mkdf-elements-holder   mkdf-five-columns  mkdf-responsive-mode-768 \" ><div class=\"mkdf-eh-item    \"  data-item-class=\"mkdf-eh-custom-7945\" data-681-768=\"0 0\" data-680=\"0 0\">\n\t<div class=\"mkdf-eh-item-inner\">\n\t\t<div class=\"mkdf-eh-item-content mkdf-eh-custom-7945\" style=\"padding: 0 2px\">\n\t\t\t<div class=\"mkdf-team-holder mkdf-team-info-on-image\">\n\t<div class=\"mkdf-team-inner\">\n\t\t\t\t\t<div class=\"mkdf-team-image\">\n                <img loading=\"lazy\" decoding=\"async\" width=\"400\" height=\"600\" src=\"https:\/\/pavlova.ee\/wp-content\/uploads\/2019\/02\/olga.jpg\" class=\"attachment-full size-full\" alt=\"\" srcset=\"https:\/\/pavlova.ee\/wp-content\/uploads\/2019\/02\/olga.jpg 400w, https:\/\/pavlova.ee\/wp-content\/uploads\/2019\/02\/olga-200x300.jpg 200w\" sizes=\"(max-width: 400px) 100vw, 400px\" \/>\t\t\t\t<div class=\"mkdf-team-social-wrapper\">\n\t\t\t\t\t<div class=\"mkdf-team-social-outer\">\n\t\t\t\t\t\t<div class=\"mkdf-team-social-inner\">\n\t\t\t\t\t\t\t\t\t\t\t\t\t\t\t<h4 class=\"mkdf-team-name\" style=\"color: #c19d56\">Olga Danilova<\/h4>\n\t\t\t\t\t\t\t\t\t\t\t\t\t\t\t\t\t\t\t\t\t\t<p class=\"mkdf-team-position\" style=\"color: #919191\">Owner<\/p>\n\t\t\t\t\t\t\t\t\t\t\t\t\t\t\t\t\t\t\t\t\t\t\t\t\t\t\t\t\t<div class=\"mkdf-team-social-holder\">\n\t\t\t\t\t\t\t\t\t\t\t\t\t\t\t\t\t\t\t<span class=\"mkdf-team-icon\">        <span class=\"mkdf-icon-shortcode mkdf-normal   \">\n                            <a class=\"\" href=\"https:\/\/www.facebook.com\/olga.danilova.5\" target=\"_blank\">\n                            <span aria-hidden=\"true\" class=\"mkdf-icon-font-elegant social_facebook mkdf-icon-element\"><\/span>                            <\/a>\n                    <\/span>\n<\/span>\n\t\t\t\t\t\t\t\t\t\t\t\t\t\t\t\t\t\t\t<span class=\"mkdf-team-icon\">        <span class=\"mkdf-icon-shortcode mkdf-normal   \">\n                            <a class=\"\" href=\"#\" target=\"_blank\">\n                            <span aria-hidden=\"true\" class=\"mkdf-icon-font-elegant social_instagram mkdf-icon-element\"><\/span>                            <\/a>\n                    <\/span>\n<\/span>\n\t\t\t\t\t\t\t\t\t\t\t\t\t\t\t\t\t<\/div>\n\t\t\t\t\t\t\t\t\t\t\t\t\t<\/div>\n\t\t\t\t\t<\/div>\n\t\t\t\t<\/div>\n\t\t\t<\/div>\n\t\t\t<\/div>\n<\/div>\t\t<\/div>\n\t<\/div>\n<\/div><div class=\"mkdf-eh-item    \"  data-item-class=\"mkdf-eh-custom-1064\" data-681-768=\"0 0\" data-680=\"0 0\">\n\t<div class=\"mkdf-eh-item-inner\">\n\t\t<div class=\"mkdf-eh-item-content mkdf-eh-custom-1064\" style=\"padding: 0 2px\">\n\t\t\t<div class=\"mkdf-team-holder mkdf-team-info-on-image\">\n\t<div class=\"mkdf-team-inner\">\n\t\t\t\t\t<div class=\"mkdf-team-image\">\n                <img loading=\"lazy\" decoding=\"async\" width=\"400\" height=\"600\" src=\"https:\/\/pavlova.ee\/wp-content\/uploads\/2019\/02\/snez.jpg\" class=\"attachment-full size-full\" alt=\"\" srcset=\"https:\/\/pavlova.ee\/wp-content\/uploads\/2019\/02\/snez.jpg 400w, https:\/\/pavlova.ee\/wp-content\/uploads\/2019\/02\/snez-200x300.jpg 200w\" sizes=\"(max-width: 400px) 100vw, 400px\" \/>\t\t\t\t<div class=\"mkdf-team-social-wrapper\">\n\t\t\t\t\t<div class=\"mkdf-team-social-outer\">\n\t\t\t\t\t\t<div class=\"mkdf-team-social-inner\">\n\t\t\t\t\t\t\t\t\t\t\t\t\t\t\t<h4 class=\"mkdf-team-name\" style=\"color: #caac6f\">Snezana H\u00e4rma<\/h4>\n\t\t\t\t\t\t\t\t\t\t\t\t\t\t\t\t\t\t\t\t\t\t<p class=\"mkdf-team-position\" style=\"color: #919191\">Owner<\/p>\n\t\t\t\t\t\t\t\t\t\t\t\t\t\t\t\t\t\t\t\t\t\t\t\t\t\t\t\t\t<div class=\"mkdf-team-social-holder\">\n\t\t\t\t\t\t\t\t\t\t\t\t\t\t\t\t\t\t\t<span class=\"mkdf-team-icon\">        <span class=\"mkdf-icon-shortcode mkdf-normal   \">\n                            <a class=\"\" href=\"#\" target=\"_blank\">\n                            <span aria-hidden=\"true\" class=\"mkdf-icon-font-elegant social_facebook mkdf-icon-element\"><\/span>                            <\/a>\n                    <\/span>\n<\/span>\n\t\t\t\t\t\t\t\t\t\t\t\t\t\t\t\t\t\t\t<span class=\"mkdf-team-icon\">        <span class=\"mkdf-icon-shortcode mkdf-normal   \">\n                            <a class=\"\" href=\"#\" target=\"_blank\">\n                            <span aria-hidden=\"true\" class=\"mkdf-icon-font-elegant social_instagram mkdf-icon-element\"><\/span>                            <\/a>\n                    <\/span>\n<\/span>\n\t\t\t\t\t\t\t\t\t\t\t\t\t\t\t\t\t<\/div>\n\t\t\t\t\t\t\t\t\t\t\t\t\t<\/div>\n\t\t\t\t\t<\/div>\n\t\t\t\t<\/div>\n\t\t\t<\/div>\n\t\t\t<\/div>\n<\/div>\t\t<\/div>\n\t<\/div>\n<\/div><div class=\"mkdf-eh-item    \"  data-item-class=\"mkdf-eh-custom-4168\" data-681-768=\"0 0\" data-680=\"0 0\">\n\t<div class=\"mkdf-eh-item-inner\">\n\t\t<div class=\"mkdf-eh-item-content mkdf-eh-custom-4168\" style=\"padding: 0 2px\">\n\t\t\t<div class=\"mkdf-team-holder mkdf-team-info-on-image\">\n\t<div class=\"mkdf-team-inner\">\n\t\t\t\t\t<div class=\"mkdf-team-image\">\n                <img loading=\"lazy\" decoding=\"async\" width=\"400\" height=\"600\" src=\"https:\/\/pavlova.ee\/wp-content\/uploads\/2019\/02\/serge.jpg\" class=\"attachment-full size-full\" alt=\"\" srcset=\"https:\/\/pavlova.ee\/wp-content\/uploads\/2019\/02\/serge.jpg 400w, https:\/\/pavlova.ee\/wp-content\/uploads\/2019\/02\/serge-200x300.jpg 200w\" sizes=\"(max-width: 400px) 100vw, 400px\" \/>\t\t\t\t<div class=\"mkdf-team-social-wrapper\">\n\t\t\t\t\t<div class=\"mkdf-team-social-outer\">\n\t\t\t\t\t\t<div class=\"mkdf-team-social-inner\">\n\t\t\t\t\t\t\t\t\t\t\t\t\t\t\t<h4 class=\"mkdf-team-name\" style=\"color: #caac6f\">Serge<\/h4>\n\t\t\t\t\t\t\t\t\t\t\t\t\t\t\t\t\t\t\t\t\t\t<p class=\"mkdf-team-position\" style=\"color: #919191\">Chief cook<\/p>\n\t\t\t\t\t\t\t\t\t\t\t\t\t\t\t\t\t\t\t\t\t\t\t\t\t\t\t\t\t<div class=\"mkdf-team-social-holder\">\n\t\t\t\t\t\t\t\t\t\t\t\t\t\t\t\t\t\t\t<span class=\"mkdf-team-icon\">        <span class=\"mkdf-icon-shortcode mkdf-normal   \">\n                            <a class=\"\" href=\"#\" target=\"_blank\">\n                            <span aria-hidden=\"true\" class=\"mkdf-icon-font-elegant social_facebook mkdf-icon-element\"><\/span>                            <\/a>\n                    <\/span>\n<\/span>\n\t\t\t\t\t\t\t\t\t\t\t\t\t\t\t\t\t\t\t<span class=\"mkdf-team-icon\">        <span class=\"mkdf-icon-shortcode mkdf-normal   \">\n                            <a class=\"\" href=\"#\" target=\"_blank\">\n                            <span aria-hidden=\"true\" class=\"mkdf-icon-font-elegant social_instagram mkdf-icon-element\"><\/span>                            <\/a>\n                    <\/span>\n<\/span>\n\t\t\t\t\t\t\t\t\t\t\t\t\t\t\t\t\t<\/div>\n\t\t\t\t\t\t\t\t\t\t\t\t\t<\/div>\n\t\t\t\t\t<\/div>\n\t\t\t\t<\/div>\n\t\t\t<\/div>\n\t\t\t<\/div>\n<\/div>\t\t<\/div>\n\t<\/div>\n<\/div><div class=\"mkdf-eh-item    \"  data-item-class=\"mkdf-eh-custom-2052\" data-681-768=\"0 0\" data-680=\"0 0\">\n\t<div class=\"mkdf-eh-item-inner\">\n\t\t<div class=\"mkdf-eh-item-content mkdf-eh-custom-2052\" style=\"padding: 0 2px\">\n\t\t\t<div class=\"mkdf-team-holder mkdf-team-info-on-image\">\n\t<div class=\"mkdf-team-inner\">\n\t\t\t\t\t<div class=\"mkdf-team-image\">\n                <img loading=\"lazy\" decoding=\"async\" width=\"400\" height=\"600\" src=\"https:\/\/pavlova.ee\/wp-content\/uploads\/2019\/05\/max-1.jpg\" class=\"attachment-full size-full\" alt=\"\" srcset=\"https:\/\/pavlova.ee\/wp-content\/uploads\/2019\/05\/max-1.jpg 400w, https:\/\/pavlova.ee\/wp-content\/uploads\/2019\/05\/max-1-200x300.jpg 200w\" sizes=\"(max-width: 400px) 100vw, 400px\" \/>\t\t\t\t<div class=\"mkdf-team-social-wrapper\">\n\t\t\t\t\t<div class=\"mkdf-team-social-outer\">\n\t\t\t\t\t\t<div class=\"mkdf-team-social-inner\">\n\t\t\t\t\t\t\t\t\t\t\t\t\t\t\t<h4 class=\"mkdf-team-name\" style=\"color: #caac6f\">Max<\/h4>\n\t\t\t\t\t\t\t\t\t\t\t\t\t\t\t\t\t\t\t\t\t\t<p class=\"mkdf-team-position\" style=\"color: #919191\">Cook<\/p>\n\t\t\t\t\t\t\t\t\t\t\t\t\t\t\t\t\t\t\t\t\t\t\t\t\t\t\t\t\t<div class=\"mkdf-team-social-holder\">\n\t\t\t\t\t\t\t\t\t\t\t\t\t\t\t\t\t\t\t<span class=\"mkdf-team-icon\">        <span class=\"mkdf-icon-shortcode mkdf-normal   \">\n                            <a class=\"\" href=\"#\" target=\"_blank\">\n                            <span aria-hidden=\"true\" class=\"mkdf-icon-font-elegant social_facebook mkdf-icon-element\"><\/span>                            <\/a>\n                    <\/span>\n<\/span>\n\t\t\t\t\t\t\t\t\t\t\t\t\t\t\t\t\t\t\t<span class=\"mkdf-team-icon\">        <span class=\"mkdf-icon-shortcode mkdf-normal   \">\n                            <a class=\"\" href=\"#\" target=\"_blank\">\n                            <span aria-hidden=\"true\" class=\"mkdf-icon-font-elegant social_instagram mkdf-icon-element\"><\/span>                            <\/a>\n                    <\/span>\n<\/span>\n\t\t\t\t\t\t\t\t\t\t\t\t\t\t\t\t\t<\/div>\n\t\t\t\t\t\t\t\t\t\t\t\t\t<\/div>\n\t\t\t\t\t<\/div>\n\t\t\t\t<\/div>\n\t\t\t<\/div>\n\t\t\t<\/div>\n<\/div>\t\t<\/div>\n\t<\/div>\n<\/div><\/div>[\/vc_column][\/vc_row]<\/p>\n<\/section>","protected":false},"excerpt":{"rendered":"<p>[vc_row][vc_column][vc_empty_space height=&#8221;50&#8243;][\/vc_column][\/vc_row][vc_row row_content_width=&#8221;grid&#8221; simple_background_color=&#8221;#fbf6f3&#8243;][vc_column width=&#8221;1\/2&#8243; offset=&#8221;vc_col-lg-5&#8243;][\/vc_column][\/vc_row][vc_row row_content_width=&#8221;grid&#8221;][vc_column offset=&#8221;vc_col-lg-offset-6 vc_col-lg-6&#8243; css=&#8221;.vc_custom_1540546202158{margin-top: -546px !important;}&#8221;][\/vc_column][\/vc_row][vc_row row_content_width=&#8221;grid&#8221; css=&#8221;.vc_custom_1540542175410{padding-top: 146px !important;}&#8221;][vc_column width=&#8221;1\/6&#8243;][\/vc_column][vc_column width=&#8221;2\/3&#8243;][vc_row_inner][vc_column_inner width=&#8221;1\/2&#8243;][vc_column_text] Olga Danilova, 44 aastat. Sne\u017eanna H\u00e4rma, 42 aastat. 15 aastat kondiitri- ja pagaristaa\u017ei kahe peale. 40 aastat IT meditsiinilist kogemust kahe peale. Optimismi + pessimismi. Avant\u00fcrismi + kindla \u00e4riplaani. Professionaalsete kondiitrite [&hellip;]<\/p>\n","protected":false},"author":1,"featured_media":0,"parent":0,"menu_order":0,"comment_status":"closed","ping_status":"closed","template":"full-width.php","meta":{"inline_featured_image":false,"footnotes":""},"_links":{"self":[{"href":"https:\/\/pavlova.ee\/et\/wp-json\/wp\/v2\/pages\/4358"}],"collection":[{"href":"https:\/\/pavlova.ee\/et\/wp-json\/wp\/v2\/pages"}],"about":[{"href":"https:\/\/pavlova.ee\/et\/wp-json\/wp\/v2\/types\/page"}],"author":[{"embeddable":true,"href":"https:\/\/pavlova.ee\/et\/wp-json\/wp\/v2\/users\/1"}],"replies":[{"embeddable":true,"href":"https:\/\/pavlova.ee\/et\/wp-json\/wp\/v2\/comments?post=4358"}],"version-history":[{"count":0,"href":"https:\/\/pavlova.ee\/et\/wp-json\/wp\/v2\/pages\/4358\/revisions"}],"wp:attachment":[{"href":"https:\/\/pavlova.ee\/et\/wp-json\/wp\/v2\/media?parent=4358"}],"curies":[{"name":"wp","href":"https:\/\/api.w.org\/{rel}","templated":true}]}}