{"id":4364,"date":"2019-05-07T15:09:32","date_gmt":"2019-05-07T15:09:32","guid":{"rendered":"http:\/\/pavlova.ee\/?page_id=4364"},"modified":"2019-05-16T07:24:13","modified_gmt":"2019-05-16T07:24:13","slug":"retseptid","status":"publish","type":"page","link":"https:\/\/pavlova.ee\/et\/retseptid\/","title":{"rendered":"Retseptid"},"content":{"rendered":"<section class=\"wpb-content-wrapper\"><p>[vc_row full_width=&#8221;stretch_row&#8221; content_text_aligment=&#8221;center&#8221;][vc_column]<div class=\"mkdf-blog-list-holder mkdf-grid-list mkdf-disable-bottom-space mkdf-bl-boxed mkdf-four-columns mkdf-small-space mkdf-bl-pag-load-more\"  data-type=boxed data-number-of-posts=1 data-number-of-columns=four data-space-between-items=small data-orderby=date data-order=DESC data-image-size=dolcino_mikado_image_square data-title-tag=h4 data-excerpt-length=30 data-post-info-section=yes data-post-info-image=yes data-post-info-author=no data-post-info-date=no data-post-info-category=no data-post-info-comments=no data-post-info-like=no data-post-info-share=no data-pagination-type=load-more data-max-num-pages=1 data-next-page=2>\n\t<div class=\"mkdf-bl-wrapper mkdf-outer-space\">\n\t\t<ul class=\"mkdf-blog-list\">\n\t\t\t<li class=\"mkdf-bl-item mkdf-item-space\">\n\t<div class=\"mkdf-bli-inner\">\n\t\t\n\t<div class=\"mkdf-post-image\">\n\t\t\t\t\t<a itemprop=\"url\" href=\"https:\/\/pavlova.ee\/et\/pavlova-kook\/uks-sajadest-pavlova-retseptidest\/\" title=\"\u00dcks sadadest Pavlova retseptidest\">\n\t\t\t\t\t<img loading=\"lazy\" decoding=\"async\" width=\"650\" height=\"650\" src=\"https:\/\/pavlova.ee\/wp-content\/uploads\/2019\/05\/pavlova3534222-1-650x650.jpg\" class=\"attachment-dolcino_mikado_image_square size-dolcino_mikado_image_square wp-post-image\" alt=\"\" srcset=\"https:\/\/pavlova.ee\/wp-content\/uploads\/2019\/05\/pavlova3534222-1-650x650.jpg 650w, https:\/\/pavlova.ee\/wp-content\/uploads\/2019\/05\/pavlova3534222-1-150x150.jpg 150w\" sizes=\"(max-width: 650px) 100vw, 650px\" \/>\t\t\t\t\t<\/a>\n\t\t\t\t\t<\/div>\n        <div class=\"mkdf-bli-content\">\n            \t\n\t        \n<h4 itemprop=\"name\" class=\"entry-title mkdf-post-title\" >\n            <a itemprop=\"url\" href=\"https:\/\/pavlova.ee\/et\/pavlova-kook\/uks-sajadest-pavlova-retseptidest\/\" title=\"\u00dcks sadadest Pavlova retseptidest\">\n            \u00dcks sadadest Pavlova retseptidest            <\/a>\n    <\/h4>\n            <div class=\"mkdf-separator-holder clearfix  mkdf-separator-center mkdf-separator-advanced-center mkdf-separator-advanced\">\n\t<div class=\"mkdf-separator\" >\n                    <div class=\"mkdf-adv-sep-inner\">\n                <div class=\"mkdf-adv-sep-line\"  ><\/div>\n                <div class=\"mkdf-adv-sep-dot\"  ><\/div>\n            <\/div>\n            <\/div>\n<\/div>\n\t\n\t        <div class=\"mkdf-bli-excerpt\">\n\t\t        \t\t<div class=\"mkdf-post-excerpt-holder\">\n\t\t\t<p itemprop=\"description\" class=\"mkdf-post-excerpt\">\n\t\t\t\t[vc_row][vc_column][vc_column_text]\r\nP\u00f5hi\r\n\u00a04 munavalget (umbes 140g)\r\nn\u00e4put\u00e4is soola, 190 g suhkrut (3\/4 klaasi + 1 supilusikas)\r\n1 teelusikas \u00e4\u00e4dikat\r\n3 teelusikat maisit\u00e4rklist\r\n\r\nKreem ja kaunistus.\r\n\r\n250ml vahukoort\r\n200-300g marju, puuvilju\r\n\r\n[\/vc_column_text][vc_empty_space height=\"40\"][vc_column_text]\r\nValmistamine\r\nSoojendage ahi 175 kraadini. Joonistage k\u00fcpsetuspaberile ring (abiks\t\t\t<\/p>\n\t\t<\/div>\n\t\n                                    <div class=\"mkdf-bli-info\">\n                                            <\/div>\n                \n\t\t        \t<div class=\"mkdf-post-read-more-button\">\n\t\t<a itemprop=\"url\" href=\"https:\/\/pavlova.ee\/et\/pavlova-kook\/uks-sajadest-pavlova-retseptidest\/\" target=\"_self\"  class=\"mkdf-btn mkdf-btn-medium mkdf-btn-simple mkdf-btn-with-additional-outline mkdf-blog-list-button\"  >    <span class=\"mkdf-btn-text\">Loe edasi<\/span>    <\/a>\t<\/div>\n\t        <\/div>\n        <\/div>\n\t<\/div>\n<\/li>\t\t<\/ul>\n\t<\/div>\n\t<\/div>[\/vc_column][\/vc_row][vc_row css=&#8221;.vc_custom_1557912957881{margin-top: 80px !important;margin-bottom: 80px !important;}&#8221;][vc_column width=&#8221;1\/6&#8243;][\/vc_column][vc_column width=&#8221;2\/3&#8243;][vc_column_text]<\/p>\n<h4 style=\"text-align: left;\">Kui teil on olemas oma huvitav ja unikaalne Pavlova retsept ja te olete valmis seda jagada teistega, meil oleks hea meel seda siia j\u00e4\u00e4dvustama. Palun, t\u00e4idke vorm retseptiga ja saadke meile valmis desserdi pilt.<\/h4>\n<h4 style=\"text-align: left;\">Aidake meid korjata selle suurep\u00e4rase magustoidu k\u00f5ige suurema kollektsiooni<\/h4>\n<p>[\/vc_column_text][vc_empty_space height=&#8221;50&#8243;]\n<div class=\"wpcf7 no-js\" id=\"wpcf7-f4947-o1\" lang=\"et\" dir=\"ltr\">\n<div class=\"screen-reader-response\"><p role=\"status\" aria-live=\"polite\" aria-atomic=\"true\"><\/p> <ul><\/ul><\/div>\n<form action=\"\/et\/wp-json\/wp\/v2\/pages\/4364#wpcf7-f4947-o1\" method=\"post\" class=\"wpcf7-form init\" aria-label=\"Contact form\" enctype=\"multipart\/form-data\" novalidate=\"novalidate\" data-status=\"init\">\n<div style=\"display: none;\">\n<input type=\"hidden\" name=\"_wpcf7\" value=\"4947\" \/>\n<input type=\"hidden\" name=\"_wpcf7_version\" value=\"5.8.3\" \/>\n<input type=\"hidden\" name=\"_wpcf7_locale\" value=\"et\" \/>\n<input type=\"hidden\" name=\"_wpcf7_unit_tag\" value=\"wpcf7-f4947-o1\" \/>\n<input type=\"hidden\" name=\"_wpcf7_container_post\" value=\"0\" \/>\n<input type=\"hidden\" name=\"_wpcf7_posted_data_hash\" value=\"\" \/>\n<input type=\"hidden\" name=\"_wpcf7_recaptcha_response\" value=\"\" \/>\n<\/div>\n<p><span class=\"wpcf7-form-control-wrap\" data-name=\"text-234\"><input size=\"40\" class=\"wpcf7-form-control wpcf7-text wpcf7-validates-as-required\" aria-required=\"true\" aria-invalid=\"false\" placeholder=\"Nimi\" value=\"\" type=\"text\" name=\"text-234\" \/><\/span>\n<\/p>\n<p><span class=\"wpcf7-form-control-wrap\" data-name=\"email-625\"><input size=\"40\" class=\"wpcf7-form-control wpcf7-email wpcf7-validates-as-required wpcf7-text wpcf7-validates-as-email\" aria-required=\"true\" aria-invalid=\"false\" placeholder=\"E-mail\" value=\"\" type=\"email\" name=\"email-625\" \/><\/span>\n<\/p>\n<p><span class=\"wpcf7-form-control-wrap\" data-name=\"Image\"><input size=\"40\" class=\"wpcf7-form-control wpcf7-file wpcf7-validates-as-required\" accept=\".jpg,.png\" aria-required=\"true\" aria-invalid=\"false\" type=\"file\" name=\"Image\" \/><\/span>\n<\/p>\n<p><span class=\"wpcf7-form-control-wrap\" data-name=\"textarea-280\"><textarea cols=\"40\" rows=\"10\" class=\"wpcf7-form-control wpcf7-textarea wpcf7-validates-as-required\" aria-required=\"true\" aria-invalid=\"false\" placeholder=\"Sinu retsept\" name=\"textarea-280\"><\/textarea><\/span>\n<\/p>\n<p><button class=\"wpcf7-form-control wpcf7-submit mkdf-btn mkdf-btn-medium mkdf-btn-solid mkdf-btn-with-additional-outline\" type=\"submit\"><span class=\"mkdf-btn-text\">Saada<\/span><\/button>\n<\/p><div class=\"wpcf7-response-output\" aria-hidden=\"true\"><\/div>\n<\/form>\n<\/div>\n[\/vc_column][vc_column width=&#8221;1\/6&#8243;][\/vc_column][\/vc_row]<\/p>\n<\/section>","protected":false},"excerpt":{"rendered":"<p>[vc_row full_width=&#8221;stretch_row&#8221; content_text_aligment=&#8221;center&#8221;][vc_column][\/vc_column][\/vc_row][vc_row css=&#8221;.vc_custom_1557912957881{margin-top: 80px !important;margin-bottom: 80px !important;}&#8221;][vc_column width=&#8221;1\/6&#8243;][\/vc_column][vc_column width=&#8221;2\/3&#8243;][vc_column_text] Kui teil on olemas oma huvitav ja unikaalne Pavlova retsept ja te olete valmis seda jagada teistega, meil oleks hea meel seda siia j\u00e4\u00e4dvustama. Palun, t\u00e4idke vorm retseptiga ja saadke meile valmis desserdi pilt. Aidake meid korjata selle suurep\u00e4rase magustoidu [&hellip;]<\/p>\n","protected":false},"author":1,"featured_media":0,"parent":0,"menu_order":0,"comment_status":"closed","ping_status":"closed","template":"","meta":{"inline_featured_image":false,"footnotes":""},"_links":{"self":[{"href":"https:\/\/pavlova.ee\/et\/wp-json\/wp\/v2\/pages\/4364"}],"collection":[{"href":"https:\/\/pavlova.ee\/et\/wp-json\/wp\/v2\/pages"}],"about":[{"href":"https:\/\/pavlova.ee\/et\/wp-json\/wp\/v2\/types\/page"}],"author":[{"embeddable":true,"href":"https:\/\/pavlova.ee\/et\/wp-json\/wp\/v2\/users\/1"}],"replies":[{"embeddable":true,"href":"https:\/\/pavlova.ee\/et\/wp-json\/wp\/v2\/comments?post=4364"}],"version-history":[{"count":0,"href":"https:\/\/pavlova.ee\/et\/wp-json\/wp\/v2\/pages\/4364\/revisions"}],"wp:attachment":[{"href":"https:\/\/pavlova.ee\/et\/wp-json\/wp\/v2\/media?parent=4364"}],"curies":[{"name":"wp","href":"https:\/\/api.w.org\/{rel}","templated":true}]}}