{"id":4370,"date":"2019-05-07T15:11:52","date_gmt":"2019-05-07T15:11:52","guid":{"rendered":"http:\/\/pavlova.ee\/?page_id=4370"},"modified":"2019-05-15T10:30:59","modified_gmt":"2019-05-15T10:30:59","slug":"meie-kohvikud","status":"publish","type":"page","link":"https:\/\/pavlova.ee\/et\/meie-kohvikud\/","title":{"rendered":"Meie kohvikud"},"content":{"rendered":"<section class=\"wpb-content-wrapper\"><p>[vc_row row_content_width=&#8221;grid&#8221; css=&#8221;.vc_custom_1555936999748{padding-top: 50px !important;}&#8221;][vc_column width=&#8221;1\/6&#8243;][\/vc_column][vc_column width=&#8221;2\/3&#8243;]<div class=\"mkdf-section-title-holder  mkdf-st-standard mkdf-st-title-left mkdf-st-normal-space \" style=\"text-align: center\">\n\t<div class=\"mkdf-st-inner\">\n                    <p class=\"mkdf-st-intro-text\"  > Meie tegime seda! <\/p>\n        \t\t                    <div class=\"mkdf-separator-holder clearfix  mkdf-separator-center mkdf-separator-advanced-center mkdf-separator-advanced\">\n\t<div class=\"mkdf-separator\" >\n                    <div class=\"mkdf-adv-sep-inner\">\n                <div class=\"mkdf-adv-sep-line\"  ><\/div>\n                <div class=\"mkdf-adv-sep-dot\"  ><\/div>\n            <\/div>\n            <\/div>\n<\/div>\n        \t\t\t<\/div>\n<\/div>[vc_row_inner][vc_column_inner width=&#8221;1\/2&#8243;][vc_column_text]- Viimistlesime retsepti viimse detailini.\u00a0 Enne pidime saatma pr\u00fcgikasti sadu kilosid suhkrut ja sadu tuhandeid mune! Kuna kogustega katsetades v\u00f5ite muuta korraga ainult \u00fcht komponenti! Suhkru kogus, valgu, happe v\u00f5i t\u00e4rklise seisund, temperatuur, vahustamise aeg, jahutamise aeg, suurus&#8230; Isegi teades f\u00fc\u00fcsikalisi ja keemilisi protsesse, toiduainetega toimuvat, v\u00f5ime saada suure hulga erinevaid kooke.<\/p>\n<p>&#8211; Vabandust, meie ei saa teie v\u00e4ikest kapriisi t\u00e4ita: teha koogid v\u00e4iksemaks v\u00f5i tort suuremaks. V\u00f5i peame leiutama retsepti just teie jaoks. Aga kauaoodatud tort ei pruugi ootustele vastata: olla liiga paksu koorukesega v\u00f5i kleepuda hammaste k\u00fclge p\u00e4rast igat suut\u00e4it.[\/vc_column_text][\/vc_column_inner][vc_column_inner width=&#8221;1\/2&#8243;][vc_column_text]- Koogi- ja tordip\u00f5hjasid k\u00fcpsetame IGA P\u00c4EV ja s\u00e4ilitame individuaalsetes karpides AINULT \u00dcHE \u00d6\u00d6P\u00c4EVA.<\/p>\n<p>&#8211; Magustoidu paneme kokku vahetult enne meie k\u00fclalisele \u00fcle andmist.\u00a0\u00a0 Valmiskoogid on vitriinis mitte \u00fcle 10-15 minuti.<\/p>\n<p>&#8211; Kasutame ainult magustoidu valmistamise protsessis vahustatud naturaalset 35% vahukoort ilma suhkruta.<\/p>\n<p>Iga p\u00e4ev me saame v\u00e4rskeid marju ja puuvilju.[\/vc_column_text][\/vc_column_inner][\/vc_row_inner][vc_column_text]<\/p>\n<h4 style=\"text-align: center;\"><em>Igas koogis on tunda t\u00fckikest meie hinge!<\/em><\/h4>\n<p>[\/vc_column_text][\/vc_column][vc_column width=&#8221;1\/6&#8243;][\/vc_column][\/vc_row][vc_row row_content_width=&#8221;grid&#8221; content_text_aligment=&#8221;center&#8221; css=&#8221;.vc_custom_1557916200916{margin-top: 50px !important;margin-bottom: 50px !important;}&#8221;][vc_column width=&#8221;1\/6&#8243;][\/vc_column][vc_column width=&#8221;2\/3&#8243;]<div class=\"mkdf-image-gallery  mkdf-ig-slider-type mkdf-three-columns mkdf-normal-space  \">\n\t<div class=\"mkdf-ig-slider mkdf-owl-slider\" data-number-of-items=\"1\" data-enable-loop=\"yes\" data-enable-autoplay=\"yes\" data-slider-speed=\"5000\" data-slider-speed-animation=\"600\" data-slider-padding=\"no\" data-enable-navigation=\"no\" data-enable-pagination=\"yes\">\n\t\t\t\t\t<div class=\"mkdf-ig-image\">\n\t\t\t\t\t\t\t\t\t<img loading=\"lazy\" decoding=\"async\" width=\"1200\" height=\"1200\" src=\"https:\/\/pavlova.ee\/wp-content\/uploads\/2019\/05\/43333333.jpg\" class=\"attachment-full size-full\" alt=\"\" srcset=\"https:\/\/pavlova.ee\/wp-content\/uploads\/2019\/05\/43333333.jpg 1200w, https:\/\/pavlova.ee\/wp-content\/uploads\/2019\/05\/43333333-150x150.jpg 150w, https:\/\/pavlova.ee\/wp-content\/uploads\/2019\/05\/43333333-300x300.jpg 300w, https:\/\/pavlova.ee\/wp-content\/uploads\/2019\/05\/43333333-768x768.jpg 768w, https:\/\/pavlova.ee\/wp-content\/uploads\/2019\/05\/43333333-1024x1024.jpg 1024w, https:\/\/pavlova.ee\/wp-content\/uploads\/2019\/05\/43333333-650x650.jpg 650w\" sizes=\"(max-width: 1200px) 100vw, 1200px\" \/>\t\t\t\t\t\t\t<\/div>\n\t\t\t\t\t<div class=\"mkdf-ig-image\">\n\t\t\t\t\t\t\t\t\t<img loading=\"lazy\" decoding=\"async\" width=\"1200\" height=\"1200\" src=\"https:\/\/pavlova.ee\/wp-content\/uploads\/2019\/05\/56435555.jpg\" class=\"attachment-full size-full\" alt=\"\" srcset=\"https:\/\/pavlova.ee\/wp-content\/uploads\/2019\/05\/56435555.jpg 1200w, https:\/\/pavlova.ee\/wp-content\/uploads\/2019\/05\/56435555-150x150.jpg 150w, https:\/\/pavlova.ee\/wp-content\/uploads\/2019\/05\/56435555-300x300.jpg 300w, https:\/\/pavlova.ee\/wp-content\/uploads\/2019\/05\/56435555-768x768.jpg 768w, https:\/\/pavlova.ee\/wp-content\/uploads\/2019\/05\/56435555-1024x1024.jpg 1024w, https:\/\/pavlova.ee\/wp-content\/uploads\/2019\/05\/56435555-650x650.jpg 650w\" sizes=\"(max-width: 1200px) 100vw, 1200px\" \/>\t\t\t\t\t\t\t<\/div>\n\t\t\t\t\t<div class=\"mkdf-ig-image\">\n\t\t\t\t\t\t\t\t\t<img loading=\"lazy\" decoding=\"async\" width=\"1200\" height=\"1200\" src=\"https:\/\/pavlova.ee\/wp-content\/uploads\/2019\/05\/435244433.jpg\" class=\"attachment-full size-full\" alt=\"\" srcset=\"https:\/\/pavlova.ee\/wp-content\/uploads\/2019\/05\/435244433.jpg 1200w, https:\/\/pavlova.ee\/wp-content\/uploads\/2019\/05\/435244433-150x150.jpg 150w, https:\/\/pavlova.ee\/wp-content\/uploads\/2019\/05\/435244433-300x300.jpg 300w, https:\/\/pavlova.ee\/wp-content\/uploads\/2019\/05\/435244433-768x768.jpg 768w, https:\/\/pavlova.ee\/wp-content\/uploads\/2019\/05\/435244433-1024x1024.jpg 1024w, https:\/\/pavlova.ee\/wp-content\/uploads\/2019\/05\/435244433-650x650.jpg 650w\" sizes=\"(max-width: 1200px) 100vw, 1200px\" \/>\t\t\t\t\t\t\t<\/div>\n\t\t\t\t\t<div class=\"mkdf-ig-image\">\n\t\t\t\t\t\t\t\t\t<img loading=\"lazy\" decoding=\"async\" width=\"1200\" height=\"1200\" src=\"https:\/\/pavlova.ee\/wp-content\/uploads\/2019\/05\/45345444.jpg\" class=\"attachment-full size-full\" alt=\"\" srcset=\"https:\/\/pavlova.ee\/wp-content\/uploads\/2019\/05\/45345444.jpg 1200w, https:\/\/pavlova.ee\/wp-content\/uploads\/2019\/05\/45345444-150x150.jpg 150w, https:\/\/pavlova.ee\/wp-content\/uploads\/2019\/05\/45345444-300x300.jpg 300w, https:\/\/pavlova.ee\/wp-content\/uploads\/2019\/05\/45345444-768x768.jpg 768w, https:\/\/pavlova.ee\/wp-content\/uploads\/2019\/05\/45345444-1024x1024.jpg 1024w, https:\/\/pavlova.ee\/wp-content\/uploads\/2019\/05\/45345444-650x650.jpg 650w\" sizes=\"(max-width: 1200px) 100vw, 1200px\" \/>\t\t\t\t\t\t\t<\/div>\n\t\t\t\t\t<div class=\"mkdf-ig-image\">\n\t\t\t\t\t\t\t\t\t<img loading=\"lazy\" decoding=\"async\" width=\"1200\" height=\"1200\" src=\"https:\/\/pavlova.ee\/wp-content\/uploads\/2019\/05\/6654555.jpg\" class=\"attachment-full size-full\" alt=\"\" srcset=\"https:\/\/pavlova.ee\/wp-content\/uploads\/2019\/05\/6654555.jpg 1200w, https:\/\/pavlova.ee\/wp-content\/uploads\/2019\/05\/6654555-150x150.jpg 150w, https:\/\/pavlova.ee\/wp-content\/uploads\/2019\/05\/6654555-300x300.jpg 300w, https:\/\/pavlova.ee\/wp-content\/uploads\/2019\/05\/6654555-768x768.jpg 768w, https:\/\/pavlova.ee\/wp-content\/uploads\/2019\/05\/6654555-1024x1024.jpg 1024w, https:\/\/pavlova.ee\/wp-content\/uploads\/2019\/05\/6654555-650x650.jpg 650w\" sizes=\"(max-width: 1200px) 100vw, 1200px\" \/>\t\t\t\t\t\t\t<\/div>\n\t\t\t\t\t<div class=\"mkdf-ig-image\">\n\t\t\t\t\t\t\t\t\t<img loading=\"lazy\" decoding=\"async\" width=\"1200\" height=\"1200\" src=\"https:\/\/pavlova.ee\/wp-content\/uploads\/2019\/05\/56345655.jpg\" class=\"attachment-full size-full\" alt=\"\" srcset=\"https:\/\/pavlova.ee\/wp-content\/uploads\/2019\/05\/56345655.jpg 1200w, https:\/\/pavlova.ee\/wp-content\/uploads\/2019\/05\/56345655-150x150.jpg 150w, https:\/\/pavlova.ee\/wp-content\/uploads\/2019\/05\/56345655-300x300.jpg 300w, https:\/\/pavlova.ee\/wp-content\/uploads\/2019\/05\/56345655-768x768.jpg 768w, https:\/\/pavlova.ee\/wp-content\/uploads\/2019\/05\/56345655-1024x1024.jpg 1024w, https:\/\/pavlova.ee\/wp-content\/uploads\/2019\/05\/56345655-650x650.jpg 650w\" sizes=\"(max-width: 1200px) 100vw, 1200px\" \/>\t\t\t\t\t\t\t<\/div>\n\t\t\t\t\t<div class=\"mkdf-ig-image\">\n\t\t\t\t\t\t\t\t\t<img loading=\"lazy\" decoding=\"async\" width=\"1200\" height=\"1200\" src=\"https:\/\/pavlova.ee\/wp-content\/uploads\/2019\/05\/456456.jpg\" class=\"attachment-full size-full\" alt=\"\" srcset=\"https:\/\/pavlova.ee\/wp-content\/uploads\/2019\/05\/456456.jpg 1200w, https:\/\/pavlova.ee\/wp-content\/uploads\/2019\/05\/456456-150x150.jpg 150w, https:\/\/pavlova.ee\/wp-content\/uploads\/2019\/05\/456456-300x300.jpg 300w, https:\/\/pavlova.ee\/wp-content\/uploads\/2019\/05\/456456-768x768.jpg 768w, https:\/\/pavlova.ee\/wp-content\/uploads\/2019\/05\/456456-1024x1024.jpg 1024w, https:\/\/pavlova.ee\/wp-content\/uploads\/2019\/05\/456456-650x650.jpg 650w\" sizes=\"(max-width: 1200px) 100vw, 1200px\" \/>\t\t\t\t\t\t\t<\/div>\n\t\t\t<\/div>\n<\/div>[\/vc_column][vc_column width=&#8221;1\/6&#8243;][\/vc_column][\/vc_row]<\/p>\n<\/section>","protected":false},"excerpt":{"rendered":"<p>[vc_row row_content_width=&#8221;grid&#8221; css=&#8221;.vc_custom_1555936999748{padding-top: 50px !important;}&#8221;][vc_column width=&#8221;1\/6&#8243;][\/vc_column][vc_column width=&#8221;2\/3&#8243;][vc_row_inner][vc_column_inner width=&#8221;1\/2&#8243;][vc_column_text]- Viimistlesime retsepti viimse detailini.\u00a0 Enne pidime saatma pr\u00fcgikasti sadu kilosid suhkrut ja sadu tuhandeid mune! Kuna kogustega katsetades v\u00f5ite muuta korraga ainult \u00fcht komponenti! Suhkru kogus, valgu, happe v\u00f5i t\u00e4rklise seisund, temperatuur, vahustamise aeg, jahutamise aeg, suurus&#8230; Isegi teades f\u00fc\u00fcsikalisi ja keemilisi [&hellip;]<\/p>\n","protected":false},"author":1,"featured_media":0,"parent":0,"menu_order":0,"comment_status":"closed","ping_status":"closed","template":"full-width.php","meta":{"inline_featured_image":false,"footnotes":""},"_links":{"self":[{"href":"https:\/\/pavlova.ee\/et\/wp-json\/wp\/v2\/pages\/4370"}],"collection":[{"href":"https:\/\/pavlova.ee\/et\/wp-json\/wp\/v2\/pages"}],"about":[{"href":"https:\/\/pavlova.ee\/et\/wp-json\/wp\/v2\/types\/page"}],"author":[{"embeddable":true,"href":"https:\/\/pavlova.ee\/et\/wp-json\/wp\/v2\/users\/1"}],"replies":[{"embeddable":true,"href":"https:\/\/pavlova.ee\/et\/wp-json\/wp\/v2\/comments?post=4370"}],"version-history":[{"count":0,"href":"https:\/\/pavlova.ee\/et\/wp-json\/wp\/v2\/pages\/4370\/revisions"}],"wp:attachment":[{"href":"https:\/\/pavlova.ee\/et\/wp-json\/wp\/v2\/media?parent=4370"}],"curies":[{"name":"wp","href":"https:\/\/api.w.org\/{rel}","templated":true}]}}